{"id":1577,"date":"2024-01-22T10:57:43","date_gmt":"2024-01-22T09:57:43","guid":{"rendered":"https:\/\/www.extratex-sfi.com\/?page_id=1577"},"modified":"2026-02-04T16:40:33","modified_gmt":"2026-02-04T15:40:33","slug":"escalamiento-y-produccion","status":"publish","type":"page","link":"https:\/\/www.extratex-sfi.com\/es\/productos-y-servicios\/escalamiento-y-produccion\/","title":{"rendered":"Escalamiento y producci\u00f3n"},"content":{"rendered":"<p><span data-sheets-root=\"1\">Extratex ofrece una amplia gama de productos como bombas, sistemas criog\u00e9nicos y celdas de visualizaci\u00f3n.<\/span><\/p>\n<p>&nbsp;<\/p>\n<p>&nbsp;<\/p>\n","protected":false},"excerpt":{"rendered":"<p>Extratex ofrece una amplia gama de productos como bombas, sistemas criog\u00e9nicos y celdas de visualizaci\u00f3n. &nbsp; &nbsp;<\/p>\n","protected":false},"author":1,"featured_media":1590,"parent":1597,"menu_order":0,"comment_status":"closed","ping_status":"closed","template":"views\/template-service.blade.php","meta":{"_acf_changed":false,"inline_featured_image":false,"footnotes":""},"class_list":["post-1577","page","type-page","status-publish","has-post-thumbnail","hentry"],"acf":{"grid":[{"acf_fc_layout":"call_to_action","design":{"with_background":false},"call_to_action":{"type":"simple","title":"\u00bfEst\u00e1 interesado?","content":"\u00a1Cont\u00e1ctenos! Responderemos a su consulta.","link":{"title":"Contactarnos","url":"https:\/\/www.extratex-sfi.com\/es\/contactanos\/","target":""},"image":false,"description":""},"classe_css":""}]},"yoast_head":"<!-- This site is optimized with the Yoast SEO plugin v24.4 - https:\/\/yoast.com\/wordpress\/plugins\/seo\/ -->\n<title>Escalamiento y producci\u00f3n - Extratex<\/title>\n<meta name=\"description\" content=\"Aproveche soluciones flexibles y econ\u00f3micas para la extracci\u00f3n con CO\u2082. Pruebe su mercado con un nuevo producto gracias a nuestras soluciones.\" \/>\n<meta name=\"robots\" content=\"index, follow, max-snippet:-1, max-image-preview:large, max-video-preview:-1\" \/>\n<link rel=\"canonical\" href=\"https:\/\/www.extratex-sfi.com\/es\/productos-y-servicios\/escalamiento-y-produccion\/\" \/>\n<meta property=\"og:locale\" content=\"es_ES\" \/>\n<meta property=\"og:type\" content=\"article\" \/>\n<meta property=\"og:title\" content=\"Escalamiento y producci\u00f3n - Extratex\" \/>\n<meta property=\"og:description\" content=\"Aproveche soluciones flexibles y econ\u00f3micas para la extracci\u00f3n con CO\u2082. Pruebe su mercado con un nuevo producto gracias a nuestras soluciones.\" \/>\n<meta property=\"og:url\" content=\"https:\/\/www.extratex-sfi.com\/es\/productos-y-servicios\/escalamiento-y-produccion\/\" \/>\n<meta property=\"og:site_name\" content=\"Extratex\" \/>\n<meta property=\"article:modified_time\" content=\"2026-02-04T15:40:33+00:00\" \/>\n<meta property=\"og:image\" content=\"https:\/\/www.extratex-sfi.com\/wp-content\/uploads\/2024\/09\/scale-up-production-scaled.jpg\" \/>\n\t<meta property=\"og:image:width\" content=\"2560\" \/>\n\t<meta property=\"og:image:height\" content=\"1378\" \/>\n\t<meta property=\"og:image:type\" content=\"image\/jpeg\" \/>\n<meta name=\"twitter:card\" content=\"summary_large_image\" \/>\n<meta name=\"twitter:label1\" content=\"Tiempo de lectura\" \/>\n\t<meta name=\"twitter:data1\" content=\"1 minuto\" \/>\n<script type=\"application\/ld+json\" class=\"yoast-schema-graph\">{\"@context\":\"https:\/\/schema.org\",\"@graph\":[{\"@type\":\"WebPage\",\"@id\":\"https:\/\/www.extratex-sfi.com\/es\/productos-y-servicios\/escalamiento-y-produccion\/\",\"url\":\"https:\/\/www.extratex-sfi.com\/es\/productos-y-servicios\/escalamiento-y-produccion\/\",\"name\":\"Escalamiento y producci\u00f3n - Extratex\",\"isPartOf\":{\"@id\":\"https:\/\/www.extratex-sfi.com\/#website\"},\"primaryImageOfPage\":{\"@id\":\"https:\/\/www.extratex-sfi.com\/es\/productos-y-servicios\/escalamiento-y-produccion\/#primaryimage\"},\"image\":{\"@id\":\"https:\/\/www.extratex-sfi.com\/es\/productos-y-servicios\/escalamiento-y-produccion\/#primaryimage\"},\"thumbnailUrl\":\"https:\/\/www.extratex-sfi.com\/wp-content\/uploads\/2024\/09\/scale-up-production-scaled.jpg\",\"datePublished\":\"2024-01-22T09:57:43+00:00\",\"dateModified\":\"2026-02-04T15:40:33+00:00\",\"description\":\"Aproveche soluciones flexibles y econ\u00f3micas para la extracci\u00f3n con CO\u2082. Pruebe su mercado con un nuevo producto gracias a nuestras soluciones.\",\"breadcrumb\":{\"@id\":\"https:\/\/www.extratex-sfi.com\/es\/productos-y-servicios\/escalamiento-y-produccion\/#breadcrumb\"},\"inLanguage\":\"es\",\"potentialAction\":[{\"@type\":\"ReadAction\",\"target\":[\"https:\/\/www.extratex-sfi.com\/es\/productos-y-servicios\/escalamiento-y-produccion\/\"]}]},{\"@type\":\"ImageObject\",\"inLanguage\":\"es\",\"@id\":\"https:\/\/www.extratex-sfi.com\/es\/productos-y-servicios\/escalamiento-y-produccion\/#primaryimage\",\"url\":\"https:\/\/www.extratex-sfi.com\/wp-content\/uploads\/2024\/09\/scale-up-production-scaled.jpg\",\"contentUrl\":\"https:\/\/www.extratex-sfi.com\/wp-content\/uploads\/2024\/09\/scale-up-production-scaled.jpg\",\"width\":2560,\"height\":1378},{\"@type\":\"BreadcrumbList\",\"@id\":\"https:\/\/www.extratex-sfi.com\/es\/productos-y-servicios\/escalamiento-y-produccion\/#breadcrumb\",\"itemListElement\":[{\"@type\":\"ListItem\",\"position\":1,\"name\":\"Accueil\",\"item\":\"https:\/\/www.extratex-sfi.com\/es\/\"},{\"@type\":\"ListItem\",\"position\":2,\"name\":\"Productos y servicios\",\"item\":\"https:\/\/www.extratex-sfi.com\/es\/productos-y-servicios\/\"},{\"@type\":\"ListItem\",\"position\":3,\"name\":\"Escalamiento y producci\u00f3n\"}]},{\"@type\":\"WebSite\",\"@id\":\"https:\/\/www.extratex-sfi.com\/#website\",\"url\":\"https:\/\/www.extratex-sfi.com\/\",\"name\":\"Extratex\",\"description\":\"\",\"publisher\":{\"@id\":\"https:\/\/www.extratex-sfi.com\/#organization\"},\"potentialAction\":[{\"@type\":\"SearchAction\",\"target\":{\"@type\":\"EntryPoint\",\"urlTemplate\":\"https:\/\/www.extratex-sfi.com\/?s={search_term_string}\"},\"query-input\":{\"@type\":\"PropertyValueSpecification\",\"valueRequired\":true,\"valueName\":\"search_term_string\"}}],\"inLanguage\":\"es\"},{\"@type\":\"Organization\",\"@id\":\"https:\/\/www.extratex-sfi.com\/#organization\",\"name\":\"Extratex\",\"url\":\"https:\/\/www.extratex-sfi.com\/\",\"logo\":{\"@type\":\"ImageObject\",\"inLanguage\":\"es\",\"@id\":\"https:\/\/www.extratex-sfi.com\/#\/schema\/logo\/image\/\",\"url\":\"https:\/\/www.extratex-sfi.com\/wp-content\/uploads\/2024\/10\/cropped-favicon-1.png\",\"contentUrl\":\"https:\/\/www.extratex-sfi.com\/wp-content\/uploads\/2024\/10\/cropped-favicon-1.png\",\"width\":512,\"height\":512,\"caption\":\"Extratex\"},\"image\":{\"@id\":\"https:\/\/www.extratex-sfi.com\/#\/schema\/logo\/image\/\"},\"sameAs\":[\"https:\/\/www.linkedin.com\/company\/extratex-sfi\/?originalSubdomain=fr\"]}]}<\/script>\n<!-- \/ Yoast SEO plugin. -->","yoast_head_json":{"title":"Escalamiento y producci\u00f3n - Extratex","description":"Aproveche soluciones flexibles y econ\u00f3micas para la extracci\u00f3n con CO\u2082. Pruebe su mercado con un nuevo producto gracias a nuestras soluciones.","robots":{"index":"index","follow":"follow","max-snippet":"max-snippet:-1","max-image-preview":"max-image-preview:large","max-video-preview":"max-video-preview:-1"},"canonical":"https:\/\/www.extratex-sfi.com\/es\/productos-y-servicios\/escalamiento-y-produccion\/","og_locale":"es_ES","og_type":"article","og_title":"Escalamiento y producci\u00f3n - Extratex","og_description":"Aproveche soluciones flexibles y econ\u00f3micas para la extracci\u00f3n con CO\u2082. Pruebe su mercado con un nuevo producto gracias a nuestras soluciones.","og_url":"https:\/\/www.extratex-sfi.com\/es\/productos-y-servicios\/escalamiento-y-produccion\/","og_site_name":"Extratex","article_modified_time":"2026-02-04T15:40:33+00:00","og_image":[{"width":2560,"height":1378,"url":"https:\/\/www.extratex-sfi.com\/wp-content\/uploads\/2024\/09\/scale-up-production-scaled.jpg","type":"image\/jpeg"}],"twitter_card":"summary_large_image","twitter_misc":{"Tiempo de lectura":"1 minuto"},"schema":{"@context":"https:\/\/schema.org","@graph":[{"@type":"WebPage","@id":"https:\/\/www.extratex-sfi.com\/es\/productos-y-servicios\/escalamiento-y-produccion\/","url":"https:\/\/www.extratex-sfi.com\/es\/productos-y-servicios\/escalamiento-y-produccion\/","name":"Escalamiento y producci\u00f3n - Extratex","isPartOf":{"@id":"https:\/\/www.extratex-sfi.com\/#website"},"primaryImageOfPage":{"@id":"https:\/\/www.extratex-sfi.com\/es\/productos-y-servicios\/escalamiento-y-produccion\/#primaryimage"},"image":{"@id":"https:\/\/www.extratex-sfi.com\/es\/productos-y-servicios\/escalamiento-y-produccion\/#primaryimage"},"thumbnailUrl":"https:\/\/www.extratex-sfi.com\/wp-content\/uploads\/2024\/09\/scale-up-production-scaled.jpg","datePublished":"2024-01-22T09:57:43+00:00","dateModified":"2026-02-04T15:40:33+00:00","description":"Aproveche soluciones flexibles y econ\u00f3micas para la extracci\u00f3n con CO\u2082. Pruebe su mercado con un nuevo producto gracias a nuestras soluciones.","breadcrumb":{"@id":"https:\/\/www.extratex-sfi.com\/es\/productos-y-servicios\/escalamiento-y-produccion\/#breadcrumb"},"inLanguage":"es","potentialAction":[{"@type":"ReadAction","target":["https:\/\/www.extratex-sfi.com\/es\/productos-y-servicios\/escalamiento-y-produccion\/"]}]},{"@type":"ImageObject","inLanguage":"es","@id":"https:\/\/www.extratex-sfi.com\/es\/productos-y-servicios\/escalamiento-y-produccion\/#primaryimage","url":"https:\/\/www.extratex-sfi.com\/wp-content\/uploads\/2024\/09\/scale-up-production-scaled.jpg","contentUrl":"https:\/\/www.extratex-sfi.com\/wp-content\/uploads\/2024\/09\/scale-up-production-scaled.jpg","width":2560,"height":1378},{"@type":"BreadcrumbList","@id":"https:\/\/www.extratex-sfi.com\/es\/productos-y-servicios\/escalamiento-y-produccion\/#breadcrumb","itemListElement":[{"@type":"ListItem","position":1,"name":"Accueil","item":"https:\/\/www.extratex-sfi.com\/es\/"},{"@type":"ListItem","position":2,"name":"Productos y servicios","item":"https:\/\/www.extratex-sfi.com\/es\/productos-y-servicios\/"},{"@type":"ListItem","position":3,"name":"Escalamiento y producci\u00f3n"}]},{"@type":"WebSite","@id":"https:\/\/www.extratex-sfi.com\/#website","url":"https:\/\/www.extratex-sfi.com\/","name":"Extratex","description":"","publisher":{"@id":"https:\/\/www.extratex-sfi.com\/#organization"},"potentialAction":[{"@type":"SearchAction","target":{"@type":"EntryPoint","urlTemplate":"https:\/\/www.extratex-sfi.com\/?s={search_term_string}"},"query-input":{"@type":"PropertyValueSpecification","valueRequired":true,"valueName":"search_term_string"}}],"inLanguage":"es"},{"@type":"Organization","@id":"https:\/\/www.extratex-sfi.com\/#organization","name":"Extratex","url":"https:\/\/www.extratex-sfi.com\/","logo":{"@type":"ImageObject","inLanguage":"es","@id":"https:\/\/www.extratex-sfi.com\/#\/schema\/logo\/image\/","url":"https:\/\/www.extratex-sfi.com\/wp-content\/uploads\/2024\/10\/cropped-favicon-1.png","contentUrl":"https:\/\/www.extratex-sfi.com\/wp-content\/uploads\/2024\/10\/cropped-favicon-1.png","width":512,"height":512,"caption":"Extratex"},"image":{"@id":"https:\/\/www.extratex-sfi.com\/#\/schema\/logo\/image\/"},"sameAs":["https:\/\/www.linkedin.com\/company\/extratex-sfi\/?originalSubdomain=fr"]}]}},"_links":{"self":[{"href":"https:\/\/www.extratex-sfi.com\/es\/wp-json\/wp\/v2\/pages\/1577","targetHints":{"allow":["GET"]}}],"collection":[{"href":"https:\/\/www.extratex-sfi.com\/es\/wp-json\/wp\/v2\/pages"}],"about":[{"href":"https:\/\/www.extratex-sfi.com\/es\/wp-json\/wp\/v2\/types\/page"}],"author":[{"embeddable":true,"href":"https:\/\/www.extratex-sfi.com\/es\/wp-json\/wp\/v2\/users\/1"}],"replies":[{"embeddable":true,"href":"https:\/\/www.extratex-sfi.com\/es\/wp-json\/wp\/v2\/comments?post=1577"}],"version-history":[{"count":5,"href":"https:\/\/www.extratex-sfi.com\/es\/wp-json\/wp\/v2\/pages\/1577\/revisions"}],"predecessor-version":[{"id":1712,"href":"https:\/\/www.extratex-sfi.com\/es\/wp-json\/wp\/v2\/pages\/1577\/revisions\/1712"}],"up":[{"embeddable":true,"href":"https:\/\/www.extratex-sfi.com\/es\/wp-json\/wp\/v2\/pages\/1597"}],"wp:featuredmedia":[{"embeddable":true,"href":"https:\/\/www.extratex-sfi.com\/es\/wp-json\/wp\/v2\/media\/1590"}],"wp:attachment":[{"href":"https:\/\/www.extratex-sfi.com\/es\/wp-json\/wp\/v2\/media?parent=1577"}],"curies":[{"name":"wp","href":"https:\/\/api.w.org\/{rel}","templated":true}]}}